{"id":23,"date":"2024-09-19T10:57:19","date_gmt":"2024-09-19T08:57:19","guid":{"rendered":"https:\/\/formularz.uek.krakow.pl\/rejestracja\/wieczor-koled\/?page_id=23"},"modified":"2024-12-05T09:04:59","modified_gmt":"2024-12-05T08:04:59","slug":"rodo","status":"publish","type":"page","link":"https:\/\/formularz.uek.krakow.pl\/rejestracja\/wieczor-koled\/rodo\/","title":{"rendered":"Tre\u015b\u0107 informacji o przetwarzaniu danych osobowych \u2013 klauzula RODO"},"content":{"rendered":"\t\t<div data-elementor-type=\"wp-page\" data-elementor-id=\"23\" class=\"elementor elementor-23\" data-elementor-post-type=\"page\">\n\t\t\t\t<div class=\"elementor-element elementor-element-28cc301 e-flex e-con-boxed e-con e-parent\" data-id=\"28cc301\" data-element_type=\"container\">\n\t\t\t\t\t<div class=\"e-con-inner\">\n\t\t\t\t<div class=\"elementor-element elementor-element-580949b elementor-widget elementor-widget-text-editor\" data-id=\"580949b\" data-element_type=\"widget\" data-widget_type=\"text-editor.default\">\n\t\t\t\t<div class=\"elementor-widget-container\">\n\t\t\t\t\t\t\t\t\t<p><strong>Zgodnie z Rozporz\u0105dzeniem Parlamentu Europejskiego i Rady (UE) 2016\/679 z dnia <\/strong><strong>27 kwietnia 2016 r. w sprawie ochrony os\u00f3b fizycznych w zwi\u0105zku z przetwarzaniem danych osobowych i w sprawie swobodnego przep\u0142ywu takich danych oraz uchylenia dyrektywy 95\/46\/WE (og\u00f3lne rozporz\u0105dzenie o ochronie danych, dalej \u201eRODO\u201d, Dz. Urz. UE L 2016, Nr 119), informujemy \u017ce:<\/strong><\/p><ol><li>Administratorem danych osobowych jest <strong>Uniwersytet Ekonomiczny w Krakowie (UEK)<\/strong> z siedzib\u0105 w Krakowie, ul. Rakowicka 27, 31-510 Krak\u00f3w (dalej: \u201e<strong>administrator<\/strong>\u201d).<\/li><li>Dane kontaktowe do inspektora ochrony danych: <a href=\"mailto:iod@uek.krakow.pl\">iod@uek.krakow.pl<\/a><\/li><li>Dane osobowe podane w formularzu zg\u0142oszeniowym b\u0119d\u0105 przetwarzane w celu rejestracji uczestnictwa w Koncercie organizowanym przez Uniwersytet Ekonomiczny w Krakowie (dalej: \u201e<strong>wydarzenie<\/strong>\u201d), w celu weryfikacji i potwierdzenia to\u017csamo\u015bci uczestnik\u00f3w wydarzenia dla potrzeb jego prawid\u0142owej organizacji, a tak\u017ce w celu jego udokumentowania w materia\u0142ach wizualnych oraz prezentacji na stronach internetowych organizatora.<\/li><li>Podstaw\u0105 prawn\u0105 przetwarzania danych osobowych jest art. 6 ust. 1 lit. f) RODO, realizacja przez administratora prawnie uzasadnionego interesu oraz art. 6 ust. 1 lit. c) RODO, tj. wype\u0142nienie przez administratora ci\u0105\u017c\u0105cych na nim obowi\u0105zk\u00f3w prawnych, a tak\u017ce art. 6 ust. 1 lit. a) RODO, tj. zgoda os\u00f3b, kt\u00f3rych dane dotycz\u0105, wyra\u017cona w formie wyra\u017anego dzia\u0142ania potwierdzaj\u0105cego (art. 4 pkt 11 RODO) poprzez wype\u0142nienie formularza zg\u0142oszeniowego oraz wzi\u0119cie udzia\u0142u w wydarzeniu.<\/li><li>Dane osobowe zebrane w formularzu nie b\u0119d\u0105 udost\u0119pniane \u017cadnym odbiorcom, z wyj\u0105tkiem instytucji uprawnionych do kontroli dzia\u0142alno\u015bci administratora i do dost\u0119pu do danych na podstawie okre\u015blonych przepis\u00f3w prawa.<\/li><li>Dane osobowe b\u0119d\u0105 przetwarzane przez okres niezb\u0119dny do zrealizowania cel\u00f3w, w kt\u00f3rych zosta\u0142y zebrane, tj. zwi\u0105zanych z organizacj\u0105 przez Uniwersytet Ekonomiczny w Krakowie wydarzenia, a nast\u0119pnie zostan\u0105 zarchiwizowane i b\u0119d\u0105 przechowywane przez okres wymagany przepisami prawa.<\/li><li>Osobie, kt\u00f3rej dane dotycz\u0105 przys\u0142uguje prawo \u017c\u0105dania od administratora dost\u0119pu do swoich danych osobowych, ich sprostowania, usuni\u0119cia lub ograniczenia przetwarzania, a tak\u017ce prawo do wniesienia sprzeciwu wobec przetwarzania &#8211; w przypadkach i na zasadach okre\u015blonych w przepisach RODO. Przys\u0142uguje r\u00f3wnie\u017c prawo do wniesienia skargi do Prezesa Urz\u0119du Ochrony Danych Osobowych.<\/li><li>Je\u017celi podstaw\u0105 prawn\u0105 przetwarzania jest zgoda &#8211; osobie, kt\u00f3rej dane dotycz\u0105 przys\u0142uguje prawo wycofania zgody w dowolnym momencie. Przetwarzanie, kt\u00f3rego dokonano na podstawie zgody przed jej cofni\u0119ciem pozostaje zgodne z prawem.<\/li><li>Podanie danych osobowych jest dobrowolne. Konsekwencj\u0105 nie podania danych b\u0119dzie niemo\u017cno\u015b\u0107 wzi\u0119cia udzia\u0142u w wydarzeniu.<\/li><li>Dane osobowe nie b\u0119d\u0105 podlega\u0107 zautomatyzowanemu podejmowaniu decyzji lub profilowaniu.<\/li><li>Informujemy, \u017ce w celu udokumentowania wydarzenia, w jego trakcie b\u0119d\u0105 wykonywane zdj\u0119cia i materia\u0142y multimedialne, kt\u00f3re zostan\u0105 zamieszczone na stronach internetowych nale\u017c\u0105cych do Uniwersytetu Ekonomicznego w Krakowie. Uczestnik wydarzenia, bior\u0105c w nim udzia\u0142 wyra\u017ca zgod\u0119 na przetwarzanie swojego wizerunku.<\/li><\/ol>\t\t\t\t\t\t\t\t<\/div>\n\t\t\t\t<\/div>\n\t\t\t\t\t<\/div>\n\t\t\t\t<\/div>\n\t\t\t\t<\/div>\n\t\t","protected":false},"excerpt":{"rendered":"<p>Zgodnie z Rozporz\u0105dzeniem Parlamentu Europejskiego i Rady (UE) 2016\/679 z dnia 27 kwietnia 2016 r. w sprawie ochrony os\u00f3b fizycznych w zwi\u0105zku z przetwarzaniem danych osobowych i w sprawie swobodnego przep\u0142ywu takich danych oraz uchylenia dyrektywy 95\/46\/WE (og\u00f3lne rozporz\u0105dzenie o ochronie danych, dalej \u201eRODO\u201d, Dz. Urz. UE L 2016, Nr 119), informujemy \u017ce: Administratorem danych [&hellip;]<\/p>\n","protected":false},"author":2,"featured_media":0,"parent":0,"menu_order":0,"comment_status":"closed","ping_status":"closed","template":"elementor_header_footer","meta":{"footnotes":""},"class_list":["post-23","page","type-page","status-publish","hentry"],"_links":{"self":[{"href":"https:\/\/formularz.uek.krakow.pl\/rejestracja\/wieczor-koled\/wp-json\/wp\/v2\/pages\/23","targetHints":{"allow":["GET"]}}],"collection":[{"href":"https:\/\/formularz.uek.krakow.pl\/rejestracja\/wieczor-koled\/wp-json\/wp\/v2\/pages"}],"about":[{"href":"https:\/\/formularz.uek.krakow.pl\/rejestracja\/wieczor-koled\/wp-json\/wp\/v2\/types\/page"}],"author":[{"embeddable":true,"href":"https:\/\/formularz.uek.krakow.pl\/rejestracja\/wieczor-koled\/wp-json\/wp\/v2\/users\/2"}],"replies":[{"embeddable":true,"href":"https:\/\/formularz.uek.krakow.pl\/rejestracja\/wieczor-koled\/wp-json\/wp\/v2\/comments?post=23"}],"version-history":[{"count":22,"href":"https:\/\/formularz.uek.krakow.pl\/rejestracja\/wieczor-koled\/wp-json\/wp\/v2\/pages\/23\/revisions"}],"predecessor-version":[{"id":157,"href":"https:\/\/formularz.uek.krakow.pl\/rejestracja\/wieczor-koled\/wp-json\/wp\/v2\/pages\/23\/revisions\/157"}],"wp:attachment":[{"href":"https:\/\/formularz.uek.krakow.pl\/rejestracja\/wieczor-koled\/wp-json\/wp\/v2\/media?parent=23"}],"curies":[{"name":"wp","href":"https:\/\/api.w.org\/{rel}","templated":true}]}}