{"id":2,"date":"2025-09-18T09:05:42","date_gmt":"2025-09-18T07:05:42","guid":{"rendered":"https:\/\/formularz.uek.krakow.pl\/wordpress\/mnn\/?page_id=2"},"modified":"2025-09-18T09:05:42","modified_gmt":"2025-09-18T07:05:42","slug":"skorzane-do-it-yourself-czyli-zrob-sobie-gadzet","status":"publish","type":"page","link":"https:\/\/formularz.uek.krakow.pl\/rejestracja\/mnn\/skorzane-do-it-yourself-czyli-zrob-sobie-gadzet\/","title":{"rendered":"Sk\u00f3rzane &#8222;D(o) I(t) Y(ourself)&#8221;, czyli&#8230; zr\u00f3b sobie gad\u017cet!"},"content":{"rendered":"\t\t<div data-elementor-type=\"wp-page\" data-elementor-id=\"2\" class=\"elementor elementor-2\" data-elementor-post-type=\"page\">\n\t\t\t\t<div class=\"elementor-element elementor-element-caab713 e-flex e-con-boxed e-con e-parent\" data-id=\"caab713\" data-element_type=\"container\">\n\t\t\t\t\t<div class=\"e-con-inner\">\n\t\t\t\t<div class=\"elementor-element elementor-element-e5d9061 elementor-widget elementor-widget-button\" data-id=\"e5d9061\" data-element_type=\"widget\" data-widget_type=\"button.default\">\n\t\t\t\t<div class=\"elementor-widget-container\">\n\t\t\t\t\t\t\t\t\t<div class=\"elementor-button-wrapper\">\n\t\t\t\t\t<a class=\"elementor-button elementor-button-link elementor-size-sm\" href=\"https:\/\/formularz.uek.krakow.pl\/rejestracja\/mnn\/skorzane-do-it-yourself-czyli-zrob-sobie-gadzet\/skorzane-do-it-yourself-czyli-zrob-sobie-gadzet-1700-1800\/\">\n\t\t\t\t\t\t<span class=\"elementor-button-content-wrapper\">\n\t\t\t\t\t\t\t\t\t<span class=\"elementor-button-text\">17:00 - 18:00<\/span>\n\t\t\t\t\t<\/span>\n\t\t\t\t\t<\/a>\n\t\t\t\t<\/div>\n\t\t\t\t\t\t\t\t<\/div>\n\t\t\t\t<\/div>\n\t\t\t\t<div class=\"elementor-element elementor-element-93d3dd4 elementor-widget elementor-widget-button\" data-id=\"93d3dd4\" data-element_type=\"widget\" data-widget_type=\"button.default\">\n\t\t\t\t<div class=\"elementor-widget-container\">\n\t\t\t\t\t\t\t\t\t<div class=\"elementor-button-wrapper\">\n\t\t\t\t\t<a class=\"elementor-button elementor-button-link elementor-size-sm\" href=\"https:\/\/formularz.uek.krakow.pl\/rejestracja\/mnn\/skorzane-do-it-yourself-czyli-zrob-sobie-gadzet\/skorzane-do-it-yourself-czyli-zrob-sobie-gadzet-1815-1915\/\">\n\t\t\t\t\t\t<span class=\"elementor-button-content-wrapper\">\n\t\t\t\t\t\t\t\t\t<span class=\"elementor-button-text\">18:15 - 19:15<\/span>\n\t\t\t\t\t<\/span>\n\t\t\t\t\t<\/a>\n\t\t\t\t<\/div>\n\t\t\t\t\t\t\t\t<\/div>\n\t\t\t\t<\/div>\n\t\t\t\t<div class=\"elementor-element elementor-element-ba717b2 elementor-widget elementor-widget-button\" data-id=\"ba717b2\" data-element_type=\"widget\" data-widget_type=\"button.default\">\n\t\t\t\t<div class=\"elementor-widget-container\">\n\t\t\t\t\t\t\t\t\t<div class=\"elementor-button-wrapper\">\n\t\t\t\t\t<a class=\"elementor-button elementor-button-link elementor-size-sm\" href=\"https:\/\/formularz.uek.krakow.pl\/rejestracja\/mnn\/skorzane-do-it-yourself-czyli-zrob-sobie-gadzet\/skorzane-do-it-yourself-czyli-zrob-sobie-gadzet-1930-2030\/\">\n\t\t\t\t\t\t<span class=\"elementor-button-content-wrapper\">\n\t\t\t\t\t\t\t\t\t<span class=\"elementor-button-text\">19:30 - 20:30<\/span>\n\t\t\t\t\t<\/span>\n\t\t\t\t\t<\/a>\n\t\t\t\t<\/div>\n\t\t\t\t\t\t\t\t<\/div>\n\t\t\t\t<\/div>\n\t\t\t\t\t<\/div>\n\t\t\t\t<\/div>\n\t\t\t\t<\/div>\n\t\t","protected":false},"excerpt":{"rendered":"<p>17:00 &#8211; 18:00 18:15 &#8211; 19:15 19:30 &#8211; 20:30<\/p>\n","protected":false},"author":2,"featured_media":0,"parent":0,"menu_order":0,"comment_status":"closed","ping_status":"closed","template":"","meta":{"footnotes":""},"class_list":["post-2","page","type-page","status-publish","hentry"],"_links":{"self":[{"href":"https:\/\/formularz.uek.krakow.pl\/rejestracja\/mnn\/wp-json\/wp\/v2\/pages\/2","targetHints":{"allow":["GET"]}}],"collection":[{"href":"https:\/\/formularz.uek.krakow.pl\/rejestracja\/mnn\/wp-json\/wp\/v2\/pages"}],"about":[{"href":"https:\/\/formularz.uek.krakow.pl\/rejestracja\/mnn\/wp-json\/wp\/v2\/types\/page"}],"author":[{"embeddable":true,"href":"https:\/\/formularz.uek.krakow.pl\/rejestracja\/mnn\/wp-json\/wp\/v2\/users\/2"}],"replies":[{"embeddable":true,"href":"https:\/\/formularz.uek.krakow.pl\/rejestracja\/mnn\/wp-json\/wp\/v2\/comments?post=2"}],"version-history":[{"count":25,"href":"https:\/\/formularz.uek.krakow.pl\/rejestracja\/mnn\/wp-json\/wp\/v2\/pages\/2\/revisions"}],"predecessor-version":[{"id":193,"href":"https:\/\/formularz.uek.krakow.pl\/rejestracja\/mnn\/wp-json\/wp\/v2\/pages\/2\/revisions\/193"}],"wp:attachment":[{"href":"https:\/\/formularz.uek.krakow.pl\/rejestracja\/mnn\/wp-json\/wp\/v2\/media?parent=2"}],"curies":[{"name":"wp","href":"https:\/\/api.w.org\/{rel}","templated":true}]}}