{"id":408,"date":"2025-01-10T12:42:46","date_gmt":"2025-01-10T11:42:46","guid":{"rendered":"https:\/\/formularz.uek.krakow.pl\/rejestracja\/baljubileuszowy\/?page_id=408"},"modified":"2025-01-16T12:01:20","modified_gmt":"2025-01-16T11:01:20","slug":"regulamin-balu-jubileuszowego-uek","status":"publish","type":"page","link":"https:\/\/formularz.uek.krakow.pl\/rejestracja\/bal\/regulamin-balu-jubileuszowego-uek\/","title":{"rendered":"Regulamin Balu Jubileuszowego UEK"},"content":{"rendered":"\t\t<div data-elementor-type=\"wp-page\" data-elementor-id=\"408\" class=\"elementor elementor-408\" data-elementor-post-type=\"page\">\n\t\t\t\t<div class=\"elementor-element elementor-element-62f6016 e-flex e-con-boxed e-con e-parent\" data-id=\"62f6016\" data-element_type=\"container\">\n\t\t\t\t\t<div class=\"e-con-inner\">\n\t\t\t\t<div class=\"elementor-element elementor-element-3c8cc60 elementor-widget elementor-widget-heading\" data-id=\"3c8cc60\" data-element_type=\"widget\" data-widget_type=\"heading.default\">\n\t\t\t\t<div class=\"elementor-widget-container\">\n\t\t\t\t\t<h2 class=\"elementor-heading-title elementor-size-default\">Regulamin Balu Jubileuszowego 100-lecia\nUniwersytetu Ekonomicznego w Krakowie<\/h2>\t\t\t\t<\/div>\n\t\t\t\t<\/div>\n\t\t\t\t<div class=\"elementor-element elementor-element-2e1e6a4 elementor-widget elementor-widget-text-editor\" data-id=\"2e1e6a4\" data-element_type=\"widget\" data-widget_type=\"text-editor.default\">\n\t\t\t\t<div class=\"elementor-widget-container\">\n\t\t\t\t\t\t\t\t\t<p align=\"center\"><b>I. ZASADY OG\u00d3LNE<\/b><\/p><ol><li>Bal Jubileuszowy 100-lecia Uniwersytetu Ekonomicznego w Krakowie jest wydarzeniem kulturalnym.<\/li><li>Organizatorem Balu Jubileuszowego 100-lecia Uniwersytetu Ekonomicznego w\u00a0Krakowie, zwanego dalej \u201eBalem\u201d jest Uniwersytet Ekonomiczny w Krakowie z\u00a0siedzib\u0105 w Krakowie przy ul. Rakowickiej 27, zwany dalej \u201eOrganizatorem\u201d.\u00a0<\/li><li>Celem Balu jest uroczyste spotkanie Pracownik\u00f3w, Absolwent\u00f3w i Przyjaci\u00f3\u0142 Uniwersytetu Ekonomicznego w Krakowie z okazji obchod\u00f3w 100-lecia powstania Uczelni.<\/li><li>Bal odb\u0119dzie si\u0119 22 lutego 2025 r. o godzinie 19:00 na Sali bankietowej DoubleTree by Hilton Krak\u00f3w Hotel &amp; Convention Center, przy ul. D\u0105bskiej 5 w Krakowie zwanym dalej \u201eHotelem\u201d.\u00a0<\/li><li>W imieniu Organizatora za prawid\u0142owy przebieg wszystkich dzia\u0142a\u0144 zwi\u0105zanych z\u2002organizacj\u0105 Balu odpowiada Centrum Marki i Komunikacji UEK, zwane dalej \u201eCMiK\u201d.<\/li><li>Ka\u017cda osoba dysponuj\u0105ca imiennym biletem, o kt\u00f3rym mowa w punkcie III niniejszego regulaminu, oraz osoba jej towarzysz\u0105ca, z wyj\u0105tkiem os\u00f3b obs\u0142uguj\u0105cych Bal, okre\u015blana jest dalej mianem \u201eGo\u015bcia\u201d.<\/li><li>Niniejszy Regulamin okre\u015bla zasady wnoszenia p\u0142atno\u015bci przy pomocy instrument\u00f3w p\u0142atniczych w zwi\u0105zku z Wydarzeniami organizowanymi przez UEK.<br \/><br \/>Organizatorem Wydarzenia jest:<br \/>a) Uniwersytet Ekonomiczny w Krakowie<br \/>ul. Rakowicka 27 31-510 Krak\u00f3w<br \/>NIP: 675 000 63 46 REGON: 000001519<\/li><\/ol><p>\u00a0<\/p><p align=\"center\"><b>II. UCZESTNICTWO W BALU<\/b><\/p><ol><li>Bal jest wydarzeniem zamkni\u0119tym. Wej\u015bcie do Sali, w kt\u00f3rej odbywa si\u0119 Bal, jest mo\u017cliwe po okazaniu imiennego biletu i potwierdzeniu to\u017csamo\u015bci.\u00a0<\/li><li>W Balu mog\u0105 uczestniczy\u0107 tylko osoby pe\u0142noletnie.<\/li><li>Za sprawdzenie bilet\u00f3w i to\u017csamo\u015bci Go\u015bci odpowiedzialni s\u0105 pracownicy CMiK.<\/li><li>Ka\u017cdy z pracownik\u00f3w CMiK, dzia\u0142aj\u0105c w imieniu Organizatora, mo\u017ce odm\u00f3wi\u0107 wst\u0119pu na Bal lub przebywania na nim osobom, kt\u00f3rych zachowanie wskazuje, \u017ce:\u00a0<ul><li>znajduj\u0105 si\u0119 pod wp\u0142ywem \u015brodk\u00f3w odurzaj\u0105cych itp.;<\/li><li>znajduj\u0105 si\u0119 w stanie upojenia alkoholowego;<\/li><li>zachowuj\u0105 si\u0119 agresywnie, prowokacyjnie albo w inny spos\u00f3b stwarzaj\u0105cym zagro\u017cenie bezpiecze\u0144stwa Go\u015bci, pracownik\u00f3w Hotelu lub porz\u0105dku Balu.\u00a0<\/li><\/ul><\/li><\/ol><ol start=\"5\"><li>Na Bal zakazuje si\u0119 wnoszenia broni, narkotyk\u00f3w i materia\u0142\u00f3w niebezpiecznych, w tym stwarzaj\u0105cych zagro\u017cenie po\u017carowe. Osobom posiadaj\u0105cym przy sobie wy\u017cej wskazane przedmioty pracownicy CMiK, dzia\u0142aj\u0105cy w imieniu Organizatora, maj\u0105 prawo odm\u00f3wi\u0107 wej\u015bcia i\u00a0uczestnictwa w Balu bez konieczno\u015bci zwrotu koszt\u00f3w zakupionego biletu.\u00a0<\/li><li>Na Bal nie mo\u017cna wnosi\u0107 w\u0142asnego alkoholu.<\/li><li>W przypadku ra\u017c\u0105cych nadu\u017cy\u0107 porz\u0105dku podczas Balu, Organizator zastrzega sobie mo\u017cliwo\u015b\u0107 powiadomienia w\u0142a\u015bciwych s\u0142u\u017cb.<\/li><\/ol><p>\u00a0<\/p><p align=\"center\"><b>III. BILETY<\/b><\/p><ol><li>Warunkiem uczestnictwa w Balu jest posiadanie op\u0142aconego biletu.<\/li><li>O zapisach na Bal decyduje kolejno\u015b\u0107 zg\u0142osze\u0144. Liczba miejsc jest ograniczona.<\/li><li>Ceny bilet\u00f3w wynosz\u0105:<br \/>\u2013 bilet normalny: 550 z\u0142 od osoby,<br \/>\u2013 bilet ulgowy: 410 z\u0142 od osoby.<\/li><li>W celu otrzymania biletu konieczna jest rejestracja za pomoc\u0105 formularza rejestracyjnego i dokonanie natychmiastowej wp\u0142aty. P\u0142atno\u015b\u0107 nale\u017cy uregulowa\u0107 niezw\u0142oczne, aby sfinalizowa\u0107 proces zakupu.<\/li><\/ol><ol start=\"4\"><li>Bilet ulgowy przys\u0142uguje pracownikom Uniwersytetu Ekonomicznego w Krakowie oraz emerytowanym pracownikom Uniwersytetu Ekonomicznego w Krakowie, a tak\u017ce osobom im towarzysz\u0105cym.<\/li><li>Warunkiem otrzymania biletu jest dokonanie p\u0142atno\u015bci. Bilet zostanie przes\u0142any drog\u0105 mailow\u0105 na wskazany w formularzu adres e-mail, w ci\u0105gu czterech dni roboczych od pozytywnej weryfikacji p\u0142atno\u015bci.<\/li><li>Sprzeda\u017c bilet\u00f3w realizowana jest do dnia 10 lutego 2025 r.<\/li><li>Organizator zastrzega sobie prawo do skr\u00f3cenia lub wyd\u0142u\u017cenia mo\u017cliwo\u015bci sprzeda\u017cy bilet\u00f3w.<\/li><li>Istnieje mo\u017cliwo\u015b\u0107 przepisania biletu na inn\u0105 osob\u0119, o ile imiennie wskazany na bilecie Go\u015b\u0107 wska\u017ce tak\u0105 osob\u0119 pracownikom CMiK, a osoba wskazana wyrazi zgod\u0119 na przepisanie biletu.\u00a0<\/li><\/ol><p>\u00a0<\/p><p align=\"center\"><b>IV. REKLAMACJE I ZWROT<\/b><\/p><ol><li>W przypadku rezygnacji z udzia\u0142u w Balu, je\u015bli nie wynika ona z winy Organizatora, p\u0142atno\u015b\u0107 za zakupiony bilet nie podlega zwrotowi.<\/li><li>Organizator zastrzega sobie prawo do zmiany terminu Wydarzenia z przyczyn od niego niezale\u017cnych. W takim przypadku zakupione bilety zachowuj\u0105 wa\u017cno\u015b\u0107. Je\u017celi nowy termin Wydarzenia nie b\u0119dzie odpowiada\u0142 Uczestnikowi, Organizator zobowi\u0105zuje si\u0119 zwr\u00f3ci\u0107 Uczestnikowi wp\u0142acon\u0105 kwot\u0119 w pe\u0142nej wysoko\u015bci.<\/li><li>Organizator zastrzega sobie prawo do odwo\u0142ania Wydarzenia z przyczyn od niego niezale\u017cnych. W przypadku odwo\u0142ania Wydarzenia Organizator zobowi\u0105zuje si\u0119 zwr\u00f3ci\u0107 Uczestnikom wp\u0142acon\u0105 kwot\u0119 w pe\u0142nej wysoko\u015bci.<\/li><li>Zwroty b\u0119d\u0105 realizowane wy\u0142\u0105cznie na podstawie pisemnego wniosku z\u0142o\u017conego przez Uczestnika na adres jubileusz@uek.krakow.pl w ci\u0105gu 30 dni og\u0142oszenia zmiany terminu lub odwo\u0142ania Wydarzenia.<\/li><li>Organizator zobowi\u0105zuje si\u0119 do dokonania zwrotu wp\u0142aconej kwoty w terminie 30 dni od dnia otrzymania prawid\u0142owego wniosku.<\/li><li>Zwrot kwoty nast\u0105pi na rachunek bankowy wskazany przez Uczestnika w z\u0142o\u017conym wniosku.<\/li><\/ol><p align=\"center\"><b>V. BEZPIECZE\u0143STWO I ODPOWIEDZIALNO\u015a\u0106 ZA SZKODY<\/b><\/p><ol><li>Go\u015bcie s\u0105 zobowi\u0105zani do stosowania si\u0119 do polece\u0144 Organizatora oraz obs\u0142ugi Hotelu.<\/li><li>Go\u015b\u0107, kt\u00f3ry zak\u0142\u00f3ca spok\u00f3j innych Go\u015bci, zaburza przebieg Balu, jest agresywny, niszczy mienie Hotelu, b\u0105d\u017a \u0142amie niniejszy Regulamin, zostanie niezw\u0142ocznie wyproszony z Balu przez pracownik\u00f3w CMiK.\u00a0<\/li><li>Go\u015bciom wyproszonym z Balu nie przys\u0142uguje prawo do zwrotu koszt\u00f3w biletu, ani zakupionych w Hotelu produkt\u00f3w.\u00a0<\/li><li>Go\u015b\u0107 odpowiada za naprawienie wszelkich szk\u00f3d i zniszcze\u0144 powsta\u0142ych z jego winy w trakcie lub w zwi\u0105zku z jego obecno\u015bci\u0105 na terenie Hotelu podczas Balu.\u00a0<\/li><li>W trakcie Balu zabrania si\u0119 palenia tytoniu poza miejscami specjalnie do tego wyznaczonymi.\u00a0<\/li><li>Odpowiedzialno\u015b\u0107 Organizatora za wszelkie szkody zwi\u0105zane lub wynikaj\u0105ce z\u00a0uczestnictwa Go\u015bci w Balu ograniczona jest do szkody wyrz\u0105dzonej z winy umy\u015blnej.\u00a0<\/li><li>Organizator nie ponosi odpowiedzialno\u015bci za rzeczy zgubione lub pozostawione na terenie Hotelu przez Go\u015bci.\u00a0<\/li><li>Hotel udost\u0119pnia szatni\u0119, jednak nie ponosi odpowiedzialno\u015bci za rzeczy w niej pozostawione.<\/li><\/ol><p>\u00a0<\/p><p align=\"center\"><b>VI. ZASADY WYKORZYSTANIA WIZERUNKU<\/b><\/p><ol><li>Organizator o\u015bwiadcza, \u017ce przebieg Balu b\u0119dzie rejestrowany w formie nagrania audiowizualnego oraz zdj\u0119\u0107, a tak stworzone utwory b\u0119d\u0105 wykorzystywane do cel\u00f3w dokumentacyjnych, reklamowych i promocyjnych Organizatora.<\/li><li>Udzia\u0142 w Balu oznacza zgod\u0119 Go\u015bcia na wykorzystanie przez Organizatora jego wizerunku (a tak\u017ce g\u0142osu i wypowiedzi, je\u017celi Go\u015b\u0107 takowych udzieli do kamery) w\u00a0celach wskazanych powy\u017cej. Zgoda ma charakter nieodp\u0142atny oraz nie jest ograniczona czasowo i terytorialnie.<\/li><\/ol><p>\u00a0<\/p><p align=\"center\"><b>VII.WARUNKI KO\u0143COWE<\/b><\/p><ol><li>Organizator zastrzega sobie prawo do zmiany niniejszego Regulaminu. Zmiana zostanie podana do wiadomo\u015bci poprzez udost\u0119pnienie na stronie uek.krakow.pl oraz 100lat.uek.krakow.pl.<\/li><li>Go\u015bcie maj\u0105 obowi\u0105zek zapoznania si\u0119 z niniejszym Regulaminem Balu, kt\u00f3ry zostaje udost\u0119pniony na stronie uek.krakow.pl oraz 100lat.uek.krakow.pl i jednocze\u015bnie zobowi\u0105zuj\u0105 si\u0119 do stosowania jego postanowie\u0144.<\/li><li>W sprawach nieuregulowanych niniejszym Regulaminem stosuje si\u0119 przepisy kodeksu cywilnego.<\/li><\/ol>\t\t\t\t\t\t\t\t<\/div>\n\t\t\t\t<\/div>\n\t\t\t\t\t<\/div>\n\t\t\t\t<\/div>\n\t\t\t\t<\/div>\n\t\t","protected":false},"excerpt":{"rendered":"<p>Regulamin Balu Jubileuszowego 100-lecia Uniwersytetu Ekonomicznego w Krakowie I. ZASADY OG\u00d3LNE Bal Jubileuszowy 100-lecia Uniwersytetu Ekonomicznego w Krakowie jest wydarzeniem kulturalnym. Organizatorem Balu Jubileuszowego 100-lecia Uniwersytetu Ekonomicznego w\u00a0Krakowie, zwanego dalej \u201eBalem\u201d jest Uniwersytet Ekonomiczny w Krakowie z\u00a0siedzib\u0105 w Krakowie przy ul. Rakowickiej 27, zwany dalej \u201eOrganizatorem\u201d.\u00a0 Celem Balu jest uroczyste spotkanie Pracownik\u00f3w, Absolwent\u00f3w i Przyjaci\u00f3\u0142 [&hellip;]<\/p>\n","protected":false},"author":1,"featured_media":0,"parent":0,"menu_order":0,"comment_status":"closed","ping_status":"closed","template":"","meta":{"_acf_changed":false,"footnotes":""},"class_list":["post-408","page","type-page","status-publish","hentry"],"acf":[],"_links":{"self":[{"href":"https:\/\/formularz.uek.krakow.pl\/rejestracja\/bal\/wp-json\/wp\/v2\/pages\/408","targetHints":{"allow":["GET"]}}],"collection":[{"href":"https:\/\/formularz.uek.krakow.pl\/rejestracja\/bal\/wp-json\/wp\/v2\/pages"}],"about":[{"href":"https:\/\/formularz.uek.krakow.pl\/rejestracja\/bal\/wp-json\/wp\/v2\/types\/page"}],"author":[{"embeddable":true,"href":"https:\/\/formularz.uek.krakow.pl\/rejestracja\/bal\/wp-json\/wp\/v2\/users\/1"}],"replies":[{"embeddable":true,"href":"https:\/\/formularz.uek.krakow.pl\/rejestracja\/bal\/wp-json\/wp\/v2\/comments?post=408"}],"version-history":[{"count":49,"href":"https:\/\/formularz.uek.krakow.pl\/rejestracja\/bal\/wp-json\/wp\/v2\/pages\/408\/revisions"}],"predecessor-version":[{"id":1028,"href":"https:\/\/formularz.uek.krakow.pl\/rejestracja\/bal\/wp-json\/wp\/v2\/pages\/408\/revisions\/1028"}],"wp:attachment":[{"href":"https:\/\/formularz.uek.krakow.pl\/rejestracja\/bal\/wp-json\/wp\/v2\/media?parent=408"}],"curies":[{"name":"wp","href":"https:\/\/api.w.org\/{rel}","templated":true}]}}