{"id":123,"date":"2025-01-08T22:35:46","date_gmt":"2025-01-08T21:35:46","guid":{"rendered":"https:\/\/formularz.uek.krakow.pl\/rejestracja\/baljubileuszowy\/?page_id=123"},"modified":"2025-01-16T09:31:53","modified_gmt":"2025-01-16T08:31:53","slug":"polityka-prywatnosci","status":"publish","type":"page","link":"https:\/\/formularz.uek.krakow.pl\/rejestracja\/bal\/polityka-prywatnosci\/","title":{"rendered":"Polityka prywatno\u015bci"},"content":{"rendered":"\t\t<div data-elementor-type=\"wp-page\" data-elementor-id=\"123\" class=\"elementor elementor-123\" data-elementor-post-type=\"page\">\n\t\t\t\t<div class=\"elementor-element elementor-element-a84e548 e-flex e-con-boxed e-con e-parent\" data-id=\"a84e548\" data-element_type=\"container\">\n\t\t\t\t\t<div class=\"e-con-inner\">\n\t\t\t\t<div class=\"elementor-element elementor-element-9a11deb elementor-widget elementor-widget-heading\" data-id=\"9a11deb\" data-element_type=\"widget\" data-widget_type=\"heading.default\">\n\t\t\t\t<div class=\"elementor-widget-container\">\n\t\t\t\t\t<h2 class=\"elementor-heading-title elementor-size-default\">Polityka prywatno\u015bci<\/h2>\t\t\t\t<\/div>\n\t\t\t\t<\/div>\n\t\t\t\t<div class=\"elementor-element elementor-element-594def7 elementor-widget elementor-widget-text-editor\" data-id=\"594def7\" data-element_type=\"widget\" data-widget_type=\"text-editor.default\">\n\t\t\t\t<div class=\"elementor-widget-container\">\n\t\t\t\t\t\t\t\t\t<p style=\"text-align: center;\"><span style=\"font-family: ARial, sans-serif;\"><span style=\"font-size: medium;\"><span style=\"color: #000000;\">Zgodnie z art. 13 ust. 1 i 2 rozporz\u0105dzenia Parlamentu Europejskiego i Rady (UE) 2016\/679 z dnia 27 kwietnia 2016 r. w sprawie ochrony os\u00f3b fizycznych w zwi\u0105zku z przetwarzaniem danych osobowych i w sprawie swobodnego przep\u0142ywu takich danych oraz uchylenia dyrektywy 95\/46\/WE (og\u00f3lne rozporz\u0105dzenie o ochronie danych) (Dz. Urz. UE L 119 z 04.05.2016, str. 1), dalej \u201eRODO\u201d, informujemy, \u017ce:\u00a0<\/span><\/span><\/span><\/p><p>\u00a0<\/p><p style=\"text-align: center;\"><span style=\"font-family: ARial, sans-serif;\"><span style=\"font-size: medium;\"><b><span style=\"color: #000000;\">\u00a71<br \/>Administrator danych osobowych<\/span><\/b><\/span><\/span><\/p><p style=\"text-align: center;\"><span style=\"font-family: ARial, sans-serif;\"><span style=\"font-size: medium;\"><span style=\"color: #000000;\">Administratorem danych osobowych uczestnik\u00f3w\u00a0<b>Balu Jubileuszowego Uniwersytetu Ekonomicznego w Krakowie<\/b>\u00a0(dalej: \u201ewydarzenie\u201d) jest Uniwersytet Ekonomiczny w Krakowie (dalej: \u201eUEK\u201d), ul. Rakowicka 27, 31-510 Krak\u00f3w.\u00a0<\/span><\/span><\/span><\/p><p>\u00a0<\/p><p style=\"text-align: center;\"><span style=\"font-family: ARial, sans-serif;\"><span style=\"font-size: medium;\"><b><span style=\"color: #000000;\">\u00a72<br \/>Inspektor Ochrony Danych<\/span><\/b><\/span><\/span><\/p><p style=\"text-align: center;\"><span style=\"font-family: ARial, sans-serif;\"><span style=\"font-size: medium;\"><span style=\"color: #000000;\">Administrator wyznaczy\u0142 Inspektora Ochrony Danych, z kt\u00f3rym mo\u017cna si\u0119 skontaktowa\u0107 za po\u015brednictwem adresu e-mail:\u202f<i><b>iod@uek.krakow.pl<\/b><\/i>\u00a0<\/span><\/span><\/span><\/p><p>\u00a0<\/p><p style=\"text-align: center;\"><span style=\"font-family: ARial, sans-serif;\"><span style=\"font-size: medium;\"><b><span style=\"color: #000000;\">\u00a73<br \/>Cele przetwarzania i podstawa prawna przetwarzania danych osobowych<\/span><\/b><\/span><\/span><\/p><p style=\"text-align: center;\"><span style=\"font-family: ARial, sans-serif;\"><span style=\"font-size: medium;\"><span style=\"color: #000000;\">Dane osobowe uczestnik\u00f3w wydarzenia (w zakresie: imi\u0119 i nazwisko, tytu\u0142 zawodowy lub tytu\u0142 lub stopie\u0144 naukowy,\u00a0 adres e-mail lub numer telefonu lub adres korespondencyjny, wizerunek) przetwarzane s\u0105 w nast\u0119puj\u0105cych celach: rejestracji uczestnictwa w wydarzeniu, kontaktowania i komunikowania si\u0119 w sprawach zwi\u0105zanych z organizacj\u0105 wydarzenia oraz udokumentowania jego przebiegu, poprzez przygotowanie fotorelacji (zdj\u0119cia i filmy) i zamieszczenie jej na stronie internetowej UEK oraz na profilach w mediach spo\u0142eczno\u015bciowych.<\/span><\/span><\/span><\/p><p style=\"text-align: center;\"><span style=\"font-family: ARial, sans-serif;\"><span style=\"font-size: medium;\"><span style=\"color: #000000;\">Podstaw\u0105 prawn\u0105 przetwarzania danych osobowych jest art. 6 ust. 1 lit. a) RODO \u2013 zgoda osoby, kt\u00f3rej dane dotycz\u0105 oraz art. 6 ust. 1 lit.\u00a0f) RODO \u2013 przetwarzanie jest niezb\u0119dne do\u00a0zrealizowania przez administratora prawnie uzasadnionego interesu &#8211; prawid\u0142owej organizacji wydarzenia, jego odpowiedniej promocji oraz przekazania relacji z jego przebiegu.\u00a0<\/span><\/span><\/span><\/p><p>\u00a0<\/p><p style=\"text-align: center;\"><span style=\"font-family: ARial, sans-serif;\"><span style=\"font-size: medium;\"><b><span style=\"color: #000000;\">\u00a74<br \/>Odbiorcy danych osobowych<\/span><\/b><\/span><\/span><\/p><p style=\"text-align: center;\"><span style=\"font-family: ARial, sans-serif;\"><span style=\"font-size: medium;\"><span style=\"color: #000000;\">Dane osobowe uczestnik\u00f3w wydarzenia nie b\u0119d\u0105 ujawniane innym podmiotom, za wyj\u0105tkiem podmiot\u00f3w upowa\u017cnionych przez przepisy prawa powszechnie obowi\u0105zuj\u0105cego. Zdj\u0119cia i filmy z wydarzenia, na kt\u00f3rych zostanie utrwalony wizerunek uczestnik\u00f3w b\u0119d\u0105 dost\u0119pne dla u\u017cytkownik\u00f3w strony internetowej UEK oraz kana\u0142\u00f3w w mediach spo\u0142eczno\u015bciowych.\u00a0<\/span><\/span><\/span><\/p><p>\u00a0<\/p><p style=\"text-align: center;\"><span style=\"font-family: ARial, sans-serif;\"><span style=\"font-size: medium;\"><b><span style=\"color: #000000;\">\u00a75<br \/>Okres przechowywania danych osobowych<\/span><\/b><\/span><\/span><\/p><p style=\"text-align: center;\"><span style=\"font-family: ARial, sans-serif;\"><span style=\"font-size: medium;\"><span style=\"color: #000000;\">Dane osobowe uczestnik\u00f3w wydarzenia b\u0119d\u0105 przetwarzane przez czas jego trwania, a tak\u017ce przez okres przechowywania przez administratora dokumentacji finansowo-ksi\u0119gowej zwi\u0105zanej z jego organizacj\u0105. W sytuacjach przewidzianych w przepisach prawa dane osobowe mog\u0105 by\u0107 te\u017c przetwarzane w okresie niezb\u0119dnym do ustalenia i dochodzenia ewentualnych roszcze\u0144.\u00a0Wizerunek uczestnik\u00f3w utrwalony w ramach fotorelacji b\u0119dzie przetwarzany przez czas prezentowania przez administratora materia\u0142\u00f3w wizualnych w Internecie albo do momentu wycofania zgody uczestnika.<\/span><\/span><\/span><\/p><p>\u00a0<\/p><p style=\"text-align: center;\"><span style=\"font-family: ARial, sans-serif;\"><span style=\"font-size: medium;\"><b><span style=\"color: #000000;\">\u00a76<br \/>Prawa os\u00f3b, kt\u00f3rych dane dotycz\u0105<\/span><\/b><\/span><\/span><\/p><p style=\"text-align: center;\"><span style=\"font-family: ARial, sans-serif;\"><span style=\"font-size: medium;\"><span style=\"color: #000000;\">W przypadkach i na zasadach przewidzianych w przepisach RODO uczestnik wydarzenia posiada:\u00a0<\/span><\/span><\/span><\/p><ul><li><span style=\"color: #000000;\"><span style=\"font-family: ARial, sans-serif;\"><span style=\"font-size: medium;\">prawo dost\u0119pu do swoich danych osobowych;\u00a0<\/span><\/span><\/span><\/li><li><span style=\"color: #000000;\"><span style=\"font-family: ARial, sans-serif;\"><span style=\"font-size: medium;\">prawo do sprostowania danych osobowych;\u00a0<\/span><\/span><\/span><\/li><li><span style=\"color: #000000;\"><span style=\"font-family: ARial, sans-serif;\"><span style=\"font-size: medium;\">prawo do usuni\u0119cia danych osobowych;\u00a0<\/span><\/span><\/span><\/li><li><span style=\"color: #000000;\"><span style=\"font-family: ARial, sans-serif;\"><span style=\"font-size: medium;\">prawo \u017c\u0105dania od administratora ograniczenia przetwarzania danych osobowych;\u00a0<\/span><\/span><\/span><\/li><li><span style=\"color: #000000;\"><span style=\"font-family: ARial, sans-serif;\"><span style=\"font-size: medium;\">prawo wniesienia sprzeciwu wobec przetwarzania danych osobowych \u2013 z przyczyn zwi\u0105zanych ze swoj\u0105 szczeg\u00f3ln\u0105 sytuacj\u0105,\u00a0<\/span><\/span><\/span><\/li><\/ul><p style=\"text-align: center;\"><span style=\"font-family: ARial, sans-serif;\"><span style=\"font-size: medium;\"><span style=\"color: #000000;\">W przypadkach, gdy podstaw\u0105 prawn\u0105 przetwarzania danych osobowych jest wyra\u017cona zgoda, uczestnik wydarzenia mo\u017ce wycofa\u0107 zgod\u0119 w dowolnym momencie. Wycofanie zgody pozostanie bez wp\u0142ywu na zgodno\u015b\u0107 z prawem przetwarzania, kt\u00f3rego dokonano na podstawie zgody przed jej cofni\u0119ciem.\u00a0<\/span><\/span><\/span><\/p><p style=\"text-align: center;\"><span style=\"font-family: ARial, sans-serif;\"><span style=\"font-size: medium;\"><span style=\"color: #000000;\">Uczestnik wydarzenia posiada prawo do wniesienia skargi do Prezesa Urz\u0119du Ochrony Danych Osobowych.\u00a0<\/span><\/span><\/span><\/p><p>\u00a0<\/p><p style=\"text-align: center;\"><span style=\"font-family: ARial, sans-serif;\"><span style=\"font-size: medium;\"><b><span style=\"color: #000000;\">\u00a77<br \/>Dobrowolno\u015b\u0107 podania danych<\/span><\/b><\/span><\/span><\/p><p style=\"text-align: center;\"><span style=\"font-family: ARial, sans-serif;\"><span style=\"font-size: medium;\"><span style=\"color: #000000;\">Podanie danych jest dobrowolne, ale niezb\u0119dne do realizacji cel\u00f3w wskazanych w pkt 3. W razie nie podania danych osobowych nie b\u0119dzie mo\u017cliwy udzia\u0142 w wydarzeniu.\u00a0<\/span><\/span><\/span><\/p><p>\u00a0<\/p><p style=\"text-align: center;\"><span style=\"font-family: ARial, sans-serif;\"><span style=\"font-size: medium;\"><b><span style=\"color: #000000;\">\u00a78<br \/>Informacja o niepodejmowaniu decyzji w spos\u00f3b zautomatyzowany<\/span><\/b><\/span><\/span><\/p><p style=\"text-align: center;\"><span style=\"font-family: ARial, sans-serif;\"><span style=\"font-size: medium;\"><span style=\"color: #000000;\">W odniesieniu do uczestnik\u00f3w wydarzenia decyzje nie b\u0119d\u0105 podejmowane w spos\u00f3b zautomatyzowany; ich dane osobowe nie b\u0119d\u0105 r\u00f3wnie\u017c podlega\u0142y profilowaniu.\u00a0<\/span><\/span><\/span><\/p><p style=\"text-align: center;\"><span style=\"font-family: ARial, sans-serif;\"><span style=\"font-size: medium;\"><span style=\"color: #000000;\">Ponadto informujemy, \u017ce w celu udokumentowania wydarzenia, w jego\u00a0trakcie b\u0119d\u0105 wykonywane fotografie i nagrania filmowe, kt\u00f3re zostan\u0105 opublikowane na stronach internetowych nale\u017c\u0105cych do UEK. Z uwagi na charakter i kontekst tego wydarzenia uczestnik\u00a0balu bior\u0105c w\u00a0nim udzia\u0142 wyra\u017ca zgod\u0119 na przetwarzanie swojego wizerunku utrwalonego na fotografiach i nagraniach grupowych. Zgoda jest wyra\u017cona w formie wyra\u017anego dzia\u0142ania potwierdzaj\u0105cego (art. 4 pkt 11 RODO).\u00a0<\/span><\/span><\/span><\/p><p style=\"text-align: center;\"><span style=\"font-family: ARial, sans-serif;\"><span style=\"font-size: medium;\"><span style=\"color: #000000;\">Powy\u017csze nie narusza przepis\u00f3w art. 81 Ustawy z dnia z dnia 4 lutego 1994 r. o prawie autorskim i prawach pokrewnych (t.j. Dz. U. z 2025\u00a0r. poz. 24).<\/span><\/span><\/span><\/p>\t\t\t\t\t\t\t\t<\/div>\n\t\t\t\t<\/div>\n\t\t\t\t\t<\/div>\n\t\t\t\t<\/div>\n\t\t\t\t<\/div>\n\t\t","protected":false},"excerpt":{"rendered":"<p>Polityka prywatno\u015bci Zgodnie z art. 13 ust. 1 i 2 rozporz\u0105dzenia Parlamentu Europejskiego i Rady (UE) 2016\/679 z dnia 27 kwietnia 2016 r. w sprawie ochrony os\u00f3b fizycznych w zwi\u0105zku z przetwarzaniem danych osobowych i w sprawie swobodnego przep\u0142ywu takich danych oraz uchylenia dyrektywy 95\/46\/WE (og\u00f3lne rozporz\u0105dzenie o ochronie danych) (Dz. Urz. UE L 119 [&hellip;]<\/p>\n","protected":false},"author":1,"featured_media":0,"parent":0,"menu_order":0,"comment_status":"closed","ping_status":"closed","template":"","meta":{"_acf_changed":false,"footnotes":""},"class_list":["post-123","page","type-page","status-publish","hentry"],"acf":[],"_links":{"self":[{"href":"https:\/\/formularz.uek.krakow.pl\/rejestracja\/bal\/wp-json\/wp\/v2\/pages\/123","targetHints":{"allow":["GET"]}}],"collection":[{"href":"https:\/\/formularz.uek.krakow.pl\/rejestracja\/bal\/wp-json\/wp\/v2\/pages"}],"about":[{"href":"https:\/\/formularz.uek.krakow.pl\/rejestracja\/bal\/wp-json\/wp\/v2\/types\/page"}],"author":[{"embeddable":true,"href":"https:\/\/formularz.uek.krakow.pl\/rejestracja\/bal\/wp-json\/wp\/v2\/users\/1"}],"replies":[{"embeddable":true,"href":"https:\/\/formularz.uek.krakow.pl\/rejestracja\/bal\/wp-json\/wp\/v2\/comments?post=123"}],"version-history":[{"count":47,"href":"https:\/\/formularz.uek.krakow.pl\/rejestracja\/bal\/wp-json\/wp\/v2\/pages\/123\/revisions"}],"predecessor-version":[{"id":1007,"href":"https:\/\/formularz.uek.krakow.pl\/rejestracja\/bal\/wp-json\/wp\/v2\/pages\/123\/revisions\/1007"}],"wp:attachment":[{"href":"https:\/\/formularz.uek.krakow.pl\/rejestracja\/bal\/wp-json\/wp\/v2\/media?parent=123"}],"curies":[{"name":"wp","href":"https:\/\/api.w.org\/{rel}","templated":true}]}}